{"id":13319,"date":"2023-12-01T11:22:07","date_gmt":"2023-12-01T14:22:07","guid":{"rendered":"https:\/\/www.amerian.com\/devsite\/home\/"},"modified":"2024-10-04T15:24:54","modified_gmt":"2024-10-04T18:24:54","slug":"home","status":"publish","type":"page","link":"https:\/\/www.amerian.com\/en\/","title":{"rendered":"Home"},"content":{"rendered":"\t\t<div data-elementor-type=\"wp-page\" data-elementor-id=\"13319\" class=\"elementor elementor-13319\" data-elementor-post-type=\"page\">\n\t\t\t\t<div class=\"elementor-element elementor-element-a9391d4 whiteblock-bottom  e-flex e-con-boxed wpr-particle-no wpr-jarallax-no wpr-parallax-no wpr-sticky-section-no e-con e-parent\" data-id=\"a9391d4\" data-element_type=\"container\" data-settings=\"{&quot;background_background&quot;:&quot;classic&quot;}\">\n\t\t\t\t\t<div class=\"e-con-inner\">\n\t\t\t\t\t<\/div>\n\t\t\t\t<\/div>\n\t\t<div class=\"elementor-element elementor-element-b3015e4 whiteblock-bottom e-flex e-con-boxed wpr-particle-no wpr-jarallax-no wpr-parallax-no wpr-sticky-section-no e-con e-parent\" data-id=\"b3015e4\" data-element_type=\"container\" data-settings=\"{&quot;background_background&quot;:&quot;classic&quot;}\">\n\t\t\t\t\t<div class=\"e-con-inner\">\n\t\t<div class=\"elementor-element elementor-element-e0f23f0 e-con-full e-flex wpr-particle-no wpr-jarallax-no wpr-parallax-no wpr-sticky-section-no e-con e-child\" data-id=\"e0f23f0\" data-element_type=\"container\" data-settings=\"{&quot;background_background&quot;:&quot;classic&quot;}\">\n\t\t<div class=\"elementor-element elementor-element-3012677 e-con-full float-wrap-label e-flex wpr-particle-no wpr-jarallax-no wpr-parallax-no wpr-sticky-section-no e-con e-child\" data-id=\"3012677\" data-element_type=\"container\" data-settings=\"{&quot;background_background&quot;:&quot;classic&quot;}\">\n\t\t\t\t<div class=\"elementor-element elementor-element-1a10018 elementor-widget elementor-widget-heading\" data-id=\"1a10018\" data-element_type=\"widget\" data-widget_type=\"heading.default\">\n\t\t\t\t<div class=\"elementor-widget-container\">\n\t\t\t\t\t<h2 class=\"elementor-heading-title elementor-size-default\">Am\u00e9rian Hotels experience<\/h2>\t\t\t\t<\/div>\n\t\t\t\t<\/div>\n\t\t\t\t<div class=\"elementor-element elementor-element-7de089a elementor-widget elementor-widget-text-editor\" data-id=\"7de089a\" data-element_type=\"widget\" data-widget_type=\"text-editor.default\">\n\t\t\t\t<div class=\"elementor-widget-container\">\n\t\t\t\t\t\t\t\t\t<p>We create memorable travel experiences, so that your stay is a memory worth keeping. Comfort and excellent service await you in each of our hotels.<\/p>\t\t\t\t\t\t\t\t<\/div>\n\t\t\t\t<\/div>\n\t\t\t\t<div class=\"elementor-element elementor-element-e98484b elementor-align-center elementor-widget elementor-widget-button\" data-id=\"e98484b\" data-element_type=\"widget\" data-widget_type=\"button.default\">\n\t\t\t\t<div class=\"elementor-widget-container\">\n\t\t\t\t\t\t\t\t\t<div class=\"elementor-button-wrapper\">\n\t\t\t\t\t<a class=\"elementor-button elementor-button-link elementor-size-sm\" href=\"https:\/\/www.amerian.com\/destinos\/\">\n\t\t\t\t\t\t<span class=\"elementor-button-content-wrapper\">\n\t\t\t\t\t\t\t\t\t<span class=\"elementor-button-text\">View More<\/span>\n\t\t\t\t\t<\/span>\n\t\t\t\t\t<\/a>\n\t\t\t\t<\/div>\n\t\t\t\t\t\t\t\t<\/div>\n\t\t\t\t<\/div>\n\t\t\t\t<\/div>\n\t\t\t\t<\/div>\n\t\t<div class=\"elementor-element elementor-element-42cd282 e-con-full e-flex wpr-particle-no wpr-jarallax-no wpr-parallax-no wpr-sticky-section-no e-con e-child\" data-id=\"42cd282\" data-element_type=\"container\" data-settings=\"{&quot;background_background&quot;:&quot;slideshow&quot;,&quot;background_slideshow_gallery&quot;:[],&quot;background_slideshow_loop&quot;:&quot;yes&quot;,&quot;background_slideshow_slide_duration&quot;:5000,&quot;background_slideshow_slide_transition&quot;:&quot;fade&quot;,&quot;background_slideshow_transition_duration&quot;:500}\">\n\t\t\t\t<div class=\"elementor-element elementor-element-06b03f1 elementor-widget elementor-widget-image\" data-id=\"06b03f1\" data-element_type=\"widget\" data-widget_type=\"image.default\">\n\t\t\t\t<div class=\"elementor-widget-container\">\n\t\t\t\t\t\t\t\t\t\t\t\t\t\t\t<img fetchpriority=\"high\" decoding=\"async\" width=\"1024\" height=\"682\" src=\"https:\/\/www.amerian.com\/wp-content\/uploads\/2024\/10\/foto-home-web-1024x682.jpg\" class=\"attachment-large size-large wp-image-17299\" alt=\"\" srcset=\"https:\/\/www.amerian.com\/wp-content\/uploads\/2024\/10\/foto-home-web-1024x682.jpg 1024w, https:\/\/www.amerian.com\/wp-content\/uploads\/2024\/10\/foto-home-web-300x200.jpg 300w, https:\/\/www.amerian.com\/wp-content\/uploads\/2024\/10\/foto-home-web-768x512.jpg 768w, https:\/\/www.amerian.com\/wp-content\/uploads\/2024\/10\/foto-home-web-1536x1023.jpg 1536w, https:\/\/www.amerian.com\/wp-content\/uploads\/2024\/10\/foto-home-web.jpg 1540w\" sizes=\"(max-width: 1024px) 100vw, 1024px\" \/>\t\t\t\t\t\t\t\t\t\t\t\t\t\t\t<\/div>\n\t\t\t\t<\/div>\n\t\t\t\t<div class=\"elementor-element elementor-element-4fae29c elementor-widget elementor-widget-image\" data-id=\"4fae29c\" data-element_type=\"widget\" data-widget_type=\"image.default\">\n\t\t\t\t<div class=\"elementor-widget-container\">\n\t\t\t\t\t\t\t\t\t\t\t\t\t\t\t<img decoding=\"async\" width=\"682\" height=\"1024\" src=\"https:\/\/www.amerian.com\/wp-content\/uploads\/2024\/03\/Copia-de-DSC06333-682x1024.jpg\" class=\"attachment-large size-large wp-image-377\" alt=\"\" srcset=\"https:\/\/www.amerian.com\/wp-content\/uploads\/2024\/03\/Copia-de-DSC06333-682x1024.jpg 682w, https:\/\/www.amerian.com\/wp-content\/uploads\/2024\/03\/Copia-de-DSC06333-200x300.jpg 200w, https:\/\/www.amerian.com\/wp-content\/uploads\/2024\/03\/Copia-de-DSC06333-768x1153.jpg 768w, https:\/\/www.amerian.com\/wp-content\/uploads\/2024\/03\/Copia-de-DSC06333-1023x1536.jpg 1023w, https:\/\/www.amerian.com\/wp-content\/uploads\/2024\/03\/Copia-de-DSC06333.jpg 1026w\" sizes=\"(max-width: 682px) 100vw, 682px\" \/>\t\t\t\t\t\t\t\t\t\t\t\t\t\t\t<\/div>\n\t\t\t\t<\/div>\n\t\t\t\t<\/div>\n\t\t\t\t\t<\/div>\n\t\t\t\t<\/div>\n\t\t<div class=\"elementor-element elementor-element-9e1df66 whiteblock-bottom e-flex e-con-boxed wpr-particle-no wpr-jarallax-no wpr-parallax-no wpr-sticky-section-no e-con e-parent\" data-id=\"9e1df66\" data-element_type=\"container\" data-settings=\"{&quot;background_background&quot;:&quot;classic&quot;}\">\n\t\t\t\t\t<div class=\"e-con-inner\">\n\t\t<div class=\"elementor-element elementor-element-8a5a866 e-con-full e-flex wpr-particle-no wpr-jarallax-no wpr-parallax-no wpr-sticky-section-no e-con e-child\" data-id=\"8a5a866\" data-element_type=\"container\" data-settings=\"{&quot;background_background&quot;:&quot;classic&quot;}\">\n\t\t<div class=\"elementor-element elementor-element-dc2fa79 e-con-full float-wrap-label e-flex wpr-particle-no wpr-jarallax-no wpr-parallax-no wpr-sticky-section-no e-con e-child\" data-id=\"dc2fa79\" data-element_type=\"container\" data-settings=\"{&quot;background_background&quot;:&quot;classic&quot;}\">\n\t\t\t\t<div class=\"elementor-element elementor-element-fb07875 elementor-widget elementor-widget-heading\" data-id=\"fb07875\" data-element_type=\"widget\" data-widget_type=\"heading.default\">\n\t\t\t\t<div class=\"elementor-widget-container\">\n\t\t\t\t\t<h2 class=\"elementor-heading-title elementor-size-default\">Exceptional gastronomy<\/h2>\t\t\t\t<\/div>\n\t\t\t\t<\/div>\n\t\t\t\t<div class=\"elementor-element elementor-element-e202cb8 elementor-widget elementor-widget-text-editor\" data-id=\"e202cb8\" data-element_type=\"widget\" data-widget_type=\"text-editor.default\">\n\t\t\t\t<div class=\"elementor-widget-container\">\n\t\t\t\t\t\t\t\t\t<p><span style=\"font-weight: 400;\">Find your ideal Am\u00e9rian restaurant and discover the culinary excellence of our hotels.<\/span><\/p>\t\t\t\t\t\t\t\t<\/div>\n\t\t\t\t<\/div>\n\t\t\t\t<div class=\"elementor-element elementor-element-657c76f elementor-align-center elementor-widget elementor-widget-button\" data-id=\"657c76f\" data-element_type=\"widget\" data-widget_type=\"button.default\">\n\t\t\t\t<div class=\"elementor-widget-container\">\n\t\t\t\t\t\t\t\t\t<div class=\"elementor-button-wrapper\">\n\t\t\t\t\t<a class=\"elementor-button elementor-button-link elementor-size-sm\" href=\"https:\/\/www.amerian.com\/gastronomia\/\">\n\t\t\t\t\t\t<span class=\"elementor-button-content-wrapper\">\n\t\t\t\t\t\t\t\t\t<span class=\"elementor-button-text\">View More<\/span>\n\t\t\t\t\t<\/span>\n\t\t\t\t\t<\/a>\n\t\t\t\t<\/div>\n\t\t\t\t\t\t\t\t<\/div>\n\t\t\t\t<\/div>\n\t\t\t\t<\/div>\n\t\t\t\t<\/div>\n\t\t\t\t\t<\/div>\n\t\t\t\t<\/div>\n\t\t<div class=\"elementor-element elementor-element-abcc201 whiteblock-bottom e-flex e-con-boxed wpr-particle-no wpr-jarallax-no wpr-parallax-no wpr-sticky-section-no e-con e-parent\" data-id=\"abcc201\" data-element_type=\"container\" data-settings=\"{&quot;background_background&quot;:&quot;classic&quot;}\">\n\t\t\t\t\t<div class=\"e-con-inner\">\n\t\t<div class=\"elementor-element elementor-element-a60ab9b e-con-full e-flex wpr-particle-no wpr-jarallax-no wpr-parallax-no wpr-sticky-section-no e-con e-child\" data-id=\"a60ab9b\" data-element_type=\"container\" data-settings=\"{&quot;background_background&quot;:&quot;classic&quot;}\">\n\t\t<div class=\"elementor-element elementor-element-20aa4a5 e-con-full float-wrap-label e-flex wpr-particle-no wpr-jarallax-no wpr-parallax-no wpr-sticky-section-no e-con e-child\" data-id=\"20aa4a5\" data-element_type=\"container\" data-settings=\"{&quot;background_background&quot;:&quot;classic&quot;}\">\n\t\t\t\t<div class=\"elementor-element elementor-element-f5f114e elementor-widget elementor-widget-heading\" data-id=\"f5f114e\" data-element_type=\"widget\" data-widget_type=\"heading.default\">\n\t\t\t\t<div class=\"elementor-widget-container\">\n\t\t\t\t\t<h2 class=\"elementor-heading-title elementor-size-default\">The ideal place for your events<\/h2>\t\t\t\t<\/div>\n\t\t\t\t<\/div>\n\t\t\t\t<div class=\"elementor-element elementor-element-aed52cf elementor-widget elementor-widget-text-editor\" data-id=\"aed52cf\" data-element_type=\"widget\" data-widget_type=\"text-editor.default\">\n\t\t\t\t<div class=\"elementor-widget-container\">\n\t\t\t\t\t\t\t\t\t<p><span style=\"font-weight: 400;\">Explore our variety of event halls designed to make your most important meetings and conferences a reality.<\/span><\/p>\t\t\t\t\t\t\t\t<\/div>\n\t\t\t\t<\/div>\n\t\t\t\t<div class=\"elementor-element elementor-element-01a126b elementor-align-center elementor-widget elementor-widget-button\" data-id=\"01a126b\" data-element_type=\"widget\" data-widget_type=\"button.default\">\n\t\t\t\t<div class=\"elementor-widget-container\">\n\t\t\t\t\t\t\t\t\t<div class=\"elementor-button-wrapper\">\n\t\t\t\t\t<a class=\"elementor-button elementor-button-link elementor-size-sm\" href=\"https:\/\/www.amerian.com\/eventos\/\">\n\t\t\t\t\t\t<span class=\"elementor-button-content-wrapper\">\n\t\t\t\t\t\t\t\t\t<span class=\"elementor-button-text\">View More<\/span>\n\t\t\t\t\t<\/span>\n\t\t\t\t\t<\/a>\n\t\t\t\t<\/div>\n\t\t\t\t\t\t\t\t<\/div>\n\t\t\t\t<\/div>\n\t\t\t\t<\/div>\n\t\t\t\t<\/div>\n\t\t<div class=\"elementor-element elementor-element-6889dd5 e-con-full e-flex wpr-particle-no wpr-jarallax-no wpr-parallax-no wpr-sticky-section-no e-con e-child\" data-id=\"6889dd5\" data-element_type=\"container\">\n\t\t\t\t<div class=\"elementor-element elementor-element-8eba607 elementor-widget elementor-widget-image\" data-id=\"8eba607\" data-element_type=\"widget\" data-widget_type=\"image.default\">\n\t\t\t\t<div class=\"elementor-widget-container\">\n\t\t\t\t\t\t\t\t\t\t\t\t\t\t\t<img decoding=\"async\" width=\"1024\" height=\"683\" src=\"https:\/\/www.amerian.com\/wp-content\/uploads\/2024\/09\/eventos-amerian-hoteles-2-1024x683.jpg\" class=\"attachment-large size-large wp-image-13258\" alt=\"\" srcset=\"https:\/\/www.amerian.com\/wp-content\/uploads\/2024\/09\/eventos-amerian-hoteles-2-1024x683.jpg 1024w, https:\/\/www.amerian.com\/wp-content\/uploads\/2024\/09\/eventos-amerian-hoteles-2-300x200.jpg 300w, https:\/\/www.amerian.com\/wp-content\/uploads\/2024\/09\/eventos-amerian-hoteles-2-768x512.jpg 768w, https:\/\/www.amerian.com\/wp-content\/uploads\/2024\/09\/eventos-amerian-hoteles-2.jpg 1500w\" sizes=\"(max-width: 1024px) 100vw, 1024px\" \/>\t\t\t\t\t\t\t\t\t\t\t\t\t\t\t<\/div>\n\t\t\t\t<\/div>\n\t\t\t\t<div class=\"elementor-element elementor-element-85c833d elementor-widget elementor-widget-image\" data-id=\"85c833d\" data-element_type=\"widget\" data-widget_type=\"image.default\">\n\t\t\t\t<div class=\"elementor-widget-container\">\n\t\t\t\t\t\t\t\t\t\t\t\t\t\t\t<img loading=\"lazy\" decoding=\"async\" width=\"682\" height=\"1024\" src=\"https:\/\/www.amerian.com\/wp-content\/uploads\/2024\/03\/Copia-de-DSC04112-682x1024.jpg\" class=\"attachment-large size-large wp-image-359\" alt=\"\" srcset=\"https:\/\/www.amerian.com\/wp-content\/uploads\/2024\/03\/Copia-de-DSC04112-682x1024.jpg 682w, https:\/\/www.amerian.com\/wp-content\/uploads\/2024\/03\/Copia-de-DSC04112-200x300.jpg 200w, https:\/\/www.amerian.com\/wp-content\/uploads\/2024\/03\/Copia-de-DSC04112-768x1153.jpg 768w, https:\/\/www.amerian.com\/wp-content\/uploads\/2024\/03\/Copia-de-DSC04112-1023x1536.jpg 1023w, https:\/\/www.amerian.com\/wp-content\/uploads\/2024\/03\/Copia-de-DSC04112.jpg 1026w\" sizes=\"(max-width: 682px) 100vw, 682px\" \/>\t\t\t\t\t\t\t\t\t\t\t\t\t\t\t<\/div>\n\t\t\t\t<\/div>\n\t\t\t\t<\/div>\n\t\t\t\t\t<\/div>\n\t\t\t\t<\/div>\n\t\t<div class=\"elementor-element elementor-element-95b2661 whiteblock-top e-flex e-con-boxed wpr-particle-no wpr-jarallax-no wpr-parallax-no wpr-sticky-section-no e-con e-parent\" data-id=\"95b2661\" data-element_type=\"container\" data-settings=\"{&quot;background_background&quot;:&quot;classic&quot;}\">\n\t\t\t\t\t<div class=\"e-con-inner\">\n\t\t<div class=\"elementor-element elementor-element-698f1b6 e-con-full e-flex wpr-particle-no wpr-jarallax-no wpr-parallax-no wpr-sticky-section-no e-con e-child\" data-id=\"698f1b6\" data-element_type=\"container\" data-settings=\"{&quot;background_background&quot;:&quot;slideshow&quot;,&quot;background_slideshow_gallery&quot;:[{&quot;id&quot;:367,&quot;url&quot;:&quot;https:\\\/\\\/www.amerian.com\\\/wp-content\\\/uploads\\\/2024\\\/03\\\/foto-spa-home-scaled.jpg&quot;}],&quot;background_slideshow_slide_duration&quot;:8000,&quot;background_slideshow_ken_burns&quot;:&quot;yes&quot;,&quot;background_slideshow_loop&quot;:&quot;yes&quot;,&quot;background_slideshow_slide_transition&quot;:&quot;fade&quot;,&quot;background_slideshow_transition_duration&quot;:500,&quot;background_slideshow_ken_burns_zoom_direction&quot;:&quot;in&quot;}\">\n\t\t<div class=\"elementor-element elementor-element-e84e9a2 e-con-full float-wrap-label e-flex wpr-particle-no wpr-jarallax-no wpr-parallax-no wpr-sticky-section-no e-con e-child\" data-id=\"e84e9a2\" data-element_type=\"container\" data-settings=\"{&quot;background_background&quot;:&quot;classic&quot;}\">\n\t\t\t\t<div class=\"elementor-element elementor-element-5b61a1b elementor-widget elementor-widget-heading\" data-id=\"5b61a1b\" data-element_type=\"widget\" data-widget_type=\"heading.default\">\n\t\t\t\t<div class=\"elementor-widget-container\">\n\t\t\t\t\t<h2 class=\"elementor-heading-title elementor-size-default\">Let us take care of you!<\/h2>\t\t\t\t<\/div>\n\t\t\t\t<\/div>\n\t\t\t\t<div class=\"elementor-element elementor-element-812e686 elementor-widget elementor-widget-text-editor\" data-id=\"812e686\" data-element_type=\"widget\" data-widget_type=\"text-editor.default\">\n\t\t\t\t<div class=\"elementor-widget-container\">\n\t\t\t\t\t\t\t\t\t<p><span style=\"font-weight: 400;\">Experience relaxing treatments and sessions at our spas. Discover all the options we have to offer.<\/span><\/p>\t\t\t\t\t\t\t\t<\/div>\n\t\t\t\t<\/div>\n\t\t\t\t<div class=\"elementor-element elementor-element-c1dc363 elementor-align-center elementor-widget elementor-widget-button\" data-id=\"c1dc363\" data-element_type=\"widget\" data-widget_type=\"button.default\">\n\t\t\t\t<div class=\"elementor-widget-container\">\n\t\t\t\t\t\t\t\t\t<div class=\"elementor-button-wrapper\">\n\t\t\t\t\t<a class=\"elementor-button elementor-button-link elementor-size-sm\" href=\"https:\/\/www.amerian.com\/spa\/\">\n\t\t\t\t\t\t<span class=\"elementor-button-content-wrapper\">\n\t\t\t\t\t\t\t\t\t<span class=\"elementor-button-text\">View More<\/span>\n\t\t\t\t\t<\/span>\n\t\t\t\t\t<\/a>\n\t\t\t\t<\/div>\n\t\t\t\t\t\t\t\t<\/div>\n\t\t\t\t<\/div>\n\t\t\t\t<\/div>\n\t\t\t\t<\/div>\n\t\t\t\t\t<\/div>\n\t\t\t\t<\/div>\n\t\t<div class=\"elementor-element elementor-element-24b2260 e-flex e-con-boxed wpr-particle-no wpr-jarallax-no wpr-parallax-no wpr-sticky-section-no e-con e-parent\" data-id=\"24b2260\" data-element_type=\"container\">\n\t\t\t\t\t<div class=\"e-con-inner\">\n\t\t\t\t<div class=\"elementor-element elementor-element-2c2c3ca elementor-widget elementor-widget-text-editor\" data-id=\"2c2c3ca\" data-element_type=\"widget\" data-widget_type=\"text-editor.default\">\n\t\t\t\t<div class=\"elementor-widget-container\">\n\t\t\t\t\t\t\t\t\t<h2 class=\"importantTitle\">Amerian Blog<\/h2><div class=\"blog row\"><div class=\"item blog col-md-4\"><a href=\"https:\/\/www.amerian.com\/en\/mejor-hotel-en-cordoba-guia-alojamiento\/\"><div class=\"image-blog\" style=\"background-image:url(https:\/\/www.amerian.com\/wp-content\/uploads\/2026\/04\/galeria-aech-3.jpg)\"><\/div><div class=\"blog-contenido\"><div class=\"blog-category\">Hoteles<\/div><div class=\"blog-title\">\u00bfBusc\u00e1s el mejor hotel en C\u00f3rdoba? Todo lo que ten\u00e9s que saber para una&#8230;<\/div><div class=\"desc-blog\">C\u00f3rdoba no es solo una provincia; es un sentimiento. La &#8220;Docta&#8221;, como le decimos por su tradici\u00f3n universitaria, es ese rinc\u00f3n del pa\u00eds&#8230;<\/div><div class=\"author-box d-flex align-items-center\">\n    <div class=\"avatar-circle mr-3\"><img alt='' src='https:\/\/secure.gravatar.com\/avatar\/?s=32&#038;d=mm&#038;r=g' srcset='https:\/\/secure.gravatar.com\/avatar\/?s=64&#038;d=mm&#038;r=g 2x' class='avatar avatar-32 photo avatar-default img-fluid rounded-circle' height='32' width='32' \/>\n    <\/div>\n    \n    <div class=\"author-info\">\n        <h3 class=\"mb-0\">Tom\u00e1s Ivaldi<\/h3>\n\t\t<h4 class=\"mb-0\">30 March, 2026<\/h4>\n    <\/div>\n<\/div><\/div><\/a><\/div><div class=\"item blog col-md-4\"><a href=\"https:\/\/www.amerian.com\/en\/agroactiva-2026-fechas-horarios-hoteles\/\"><div class=\"image-blog\" style=\"background-image:url(https:\/\/www.amerian.com\/wp-content\/uploads\/2026\/04\/agroactiva-2026-santafe-05042026in1.webp)\"><\/div><div class=\"blog-contenido\"><div class=\"blog-category\">Cultura<\/div><div class=\"blog-title\">Agroactiva 2026: El punto de encuentro donde el campo argentino proyecta su&#8230;<\/div><div class=\"desc-blog\">Si hay un evento que marca el pulso de la agroindustria en nuestro pa\u00eds, ese es sin duda Agroactiva. A\u00f1o tras a\u00f1o, la&#8230;<\/div><div class=\"author-box d-flex align-items-center\">\n    <div class=\"avatar-circle mr-3\"><img alt='' src='https:\/\/secure.gravatar.com\/avatar\/?s=32&#038;d=mm&#038;r=g' srcset='https:\/\/secure.gravatar.com\/avatar\/?s=64&#038;d=mm&#038;r=g 2x' class='avatar avatar-32 photo avatar-default img-fluid rounded-circle' height='32' width='32' \/>\n    <\/div>\n    \n    <div class=\"author-info\">\n        <h3 class=\"mb-0\">Tom\u00e1s Ivaldi<\/h3>\n\t\t<h4 class=\"mb-0\">30 March, 2026<\/h4>\n    <\/div>\n<\/div><\/div><\/a><\/div><div class=\"item blog col-md-4\"><a href=\"https:\/\/www.amerian.com\/en\/entre-arboles-hotel-boutique-iguazu\/\"><div class=\"image-blog\" style=\"background-image:url(https:\/\/www.amerian.com\/wp-content\/uploads\/2026\/03\/ea-1.jpg)\"><\/div><div class=\"blog-contenido\"><div class=\"blog-category\">Hoteles<\/div><div class=\"blog-title\">Entre \u00c1rboles Iguaz\u00fa: La nueva frontera del lujo consciente y la hospitalidad&#8230;<\/div><div class=\"desc-blog\">En el actual panorama de la hospitalidad global de 2026, el concepto de viajar ha experimentado una transformaci\u00f3n profunda. Ya no se trata&#8230;<\/div><div class=\"author-box d-flex align-items-center\">\n    <div class=\"avatar-circle mr-3\"><img alt='' src='https:\/\/secure.gravatar.com\/avatar\/?s=32&#038;d=mm&#038;r=g' srcset='https:\/\/secure.gravatar.com\/avatar\/?s=64&#038;d=mm&#038;r=g 2x' class='avatar avatar-32 photo avatar-default img-fluid rounded-circle' height='32' width='32' \/>\n    <\/div>\n    \n    <div class=\"author-info\">\n        <h3 class=\"mb-0\">Tom\u00e1s Ivaldi<\/h3>\n\t\t<h4 class=\"mb-0\">2 March, 2026<\/h4>\n    <\/div>\n<\/div><\/div><\/a><\/div><\/div>\t\t\t\t\t\t\t\t<\/div>\n\t\t\t\t<\/div>\n\t\t\t\t\t<\/div>\n\t\t\t\t<\/div>\n\t\t<div class=\"elementor-element elementor-element-66c2883 whiteblock-bottom e-flex e-con-boxed wpr-particle-no wpr-jarallax-no wpr-parallax-no wpr-sticky-section-no e-con e-parent\" data-id=\"66c2883\" data-element_type=\"container\" data-settings=\"{&quot;background_background&quot;:&quot;classic&quot;}\">\n\t\t\t\t\t<div class=\"e-con-inner\">\n\t\t<div class=\"elementor-element elementor-element-cd52f9a e-con-full e-flex wpr-particle-no wpr-jarallax-no wpr-parallax-no wpr-sticky-section-no e-con e-child\" data-id=\"cd52f9a\" data-element_type=\"container\" data-settings=\"{&quot;background_background&quot;:&quot;classic&quot;}\">\n\t\t<div class=\"elementor-element elementor-element-9561187 e-con-full float-wrap-label e-flex wpr-particle-no wpr-jarallax-no wpr-parallax-no wpr-sticky-section-no e-con e-child\" data-id=\"9561187\" data-element_type=\"container\" data-settings=\"{&quot;background_background&quot;:&quot;classic&quot;}\">\n\t\t\t\t<div class=\"elementor-element elementor-element-1e68648 elementor-widget elementor-widget-heading\" data-id=\"1e68648\" data-element_type=\"widget\" data-widget_type=\"heading.default\">\n\t\t\t\t<div class=\"elementor-widget-container\">\n\t\t\t\t\t<h2 class=\"elementor-heading-title elementor-size-default\">Sustainable commitment<\/h2>\t\t\t\t<\/div>\n\t\t\t\t<\/div>\n\t\t\t\t<div class=\"elementor-element elementor-element-8ecbfc0 elementor-widget elementor-widget-text-editor\" data-id=\"8ecbfc0\" data-element_type=\"widget\" data-widget_type=\"text-editor.default\">\n\t\t\t\t<div class=\"elementor-widget-container\">\n\t\t\t\t\t\t\t\t\t<p><span style=\"font-weight: 400;\">Our Hotels in Action<\/span><\/p>\t\t\t\t\t\t\t\t<\/div>\n\t\t\t\t<\/div>\n\t\t\t\t<div class=\"elementor-element elementor-element-8d51be3 elementor-align-center elementor-widget elementor-widget-button\" data-id=\"8d51be3\" data-element_type=\"widget\" data-widget_type=\"button.default\">\n\t\t\t\t<div class=\"elementor-widget-container\">\n\t\t\t\t\t\t\t\t\t<div class=\"elementor-button-wrapper\">\n\t\t\t\t\t<a class=\"elementor-button elementor-button-link elementor-size-sm\" href=\"https:\/\/www.amerian.com\/sustentabilidad\/\">\n\t\t\t\t\t\t<span class=\"elementor-button-content-wrapper\">\n\t\t\t\t\t\t\t\t\t<span class=\"elementor-button-text\">View More<\/span>\n\t\t\t\t\t<\/span>\n\t\t\t\t\t<\/a>\n\t\t\t\t<\/div>\n\t\t\t\t\t\t\t\t<\/div>\n\t\t\t\t<\/div>\n\t\t\t\t<\/div>\n\t\t\t\t<\/div>\n\t\t\t\t\t<\/div>\n\t\t\t\t<\/div>\n\t\t<div class=\"elementor-element elementor-element-bb85127 e-flex e-con-boxed wpr-particle-no wpr-jarallax-no wpr-parallax-no wpr-sticky-section-no e-con e-parent\" data-id=\"bb85127\" data-element_type=\"container\">\n\t\t\t\t\t<div class=\"e-con-inner\">\n\t\t\t\t\t<\/div>\n\t\t\t\t<\/div>\n\t\t\t\t<\/div>\n\t\t","protected":false},"excerpt":{"rendered":"<p>Am\u00e9rian Hotels experience We create memorable travel experiences, so that your stay is a memory worth keeping. Comfort and excellent service await you in each of our hotels. View More Exceptional gastronomy Find your ideal Am\u00e9rian restaurant and discover the culinary excellence of our hotels. View More The ideal place for your events Explore our variety of event halls designed to make your most important meetings and conferences a reality. View More Let us take care of you! Experience relaxing treatments and sessions at our spas. Discover all the options we have to offer. View More Sustainable commitment Our Hotels in Action View More<\/p>\n","protected":false},"author":1,"featured_media":0,"parent":0,"menu_order":0,"comment_status":"closed","ping_status":"closed","template":"index.php","meta":{"footnotes":""},"class_list":["post-13319","page","type-page","status-publish","hentry"],"acf":[],"_links":{"self":[{"href":"https:\/\/www.amerian.com\/en\/wp-json\/wp\/v2\/pages\/13319","targetHints":{"allow":["GET"]}}],"collection":[{"href":"https:\/\/www.amerian.com\/en\/wp-json\/wp\/v2\/pages"}],"about":[{"href":"https:\/\/www.amerian.com\/en\/wp-json\/wp\/v2\/types\/page"}],"author":[{"embeddable":true,"href":"https:\/\/www.amerian.com\/en\/wp-json\/wp\/v2\/users\/1"}],"replies":[{"embeddable":true,"href":"https:\/\/www.amerian.com\/en\/wp-json\/wp\/v2\/comments?post=13319"}],"version-history":[{"count":24,"href":"https:\/\/www.amerian.com\/en\/wp-json\/wp\/v2\/pages\/13319\/revisions"}],"predecessor-version":[{"id":17326,"href":"https:\/\/www.amerian.com\/en\/wp-json\/wp\/v2\/pages\/13319\/revisions\/17326"}],"wp:attachment":[{"href":"https:\/\/www.amerian.com\/en\/wp-json\/wp\/v2\/media?parent=13319"}],"curies":[{"name":"wp","href":"https:\/\/api.w.org\/{rel}","templated":true}]}}