{"id":13927,"date":"2023-12-27T08:39:38","date_gmt":"2023-12-27T11:39:38","guid":{"rendered":"https:\/\/www.amerian.com\/devsite\/recursos-humanos\/"},"modified":"2024-09-26T18:58:08","modified_gmt":"2024-09-26T21:58:08","slug":"recursos-humanos","status":"publish","type":"page","link":"https:\/\/www.amerian.com\/pt-br\/recursos-humanos\/","title":{"rendered":"Recursos Humanos"},"content":{"rendered":"\t\t<div data-elementor-type=\"wp-page\" data-elementor-id=\"13927\" class=\"elementor elementor-13927\" data-elementor-post-type=\"page\">\n\t\t\t\t<div class=\"elementor-element elementor-element-002f92e whiteblock-bottom e-flex e-con-boxed wpr-particle-no wpr-jarallax-no wpr-parallax-no wpr-sticky-section-no e-con e-parent\" data-id=\"002f92e\" data-element_type=\"container\" data-settings=\"{&quot;background_background&quot;:&quot;classic&quot;}\">\n\t\t\t\t\t<div class=\"e-con-inner\">\n\t\t\t\t<div class=\"elementor-element elementor-element-5fb6e34 elementor-widget elementor-widget-heading\" data-id=\"5fb6e34\" data-element_type=\"widget\" data-widget_type=\"heading.default\">\n\t\t\t\t<div class=\"elementor-widget-container\">\n\t\t\t\t\t<h2 class=\"elementor-heading-title elementor-size-default\">Recursos Humanos<\/h2>\t\t\t\t<\/div>\n\t\t\t\t<\/div>\n\t\t\t\t<div class=\"elementor-element elementor-element-72b8f25 elementor-widget elementor-widget-heading\" data-id=\"72b8f25\" data-element_type=\"widget\" data-widget_type=\"heading.default\">\n\t\t\t\t<div class=\"elementor-widget-container\">\n\t\t\t\t\t<h5 class=\"elementor-heading-title elementor-size-default\">Na Am\u00e9rian Hot\u00e9is, sabemos que nosso sucesso e crescimento s\u00e3o apoiados pelo profissionalismo e pela cordialidade de nossa equipe. Nossos times s\u00e3o compostos por pessoas com uma clara orienta\u00e7\u00e3o para o servi\u00e7o e hospitalidade.\n<\/h5>\t\t\t\t<\/div>\n\t\t\t\t<\/div>\n\t\t\t\t<div class=\"elementor-element elementor-element-5be5bee elementor-widget elementor-widget-text-editor\" data-id=\"5be5bee\" data-element_type=\"widget\" data-widget_type=\"text-editor.default\">\n\t\t\t\t<div class=\"elementor-widget-container\">\n\t\t\t\t\t\t\t\t\t<p><span style=\"font-weight: 400;\">Buscamos pessoas com esp\u00edrito empreendedor, entusiasmo e predisposi\u00e7\u00e3o para o trabalho em equipe, voca\u00e7\u00e3o para o servi\u00e7o, iniciativa, criatividade, responsabilidade e compromisso.<\/span><\/p><p><span style=\"font-weight: 400;\">Nos formamos para ser inclusivos, respeitosos com o meio ambiente e igualit\u00e1rios.<\/span><\/p><p><span style=\"font-weight: 400;\">Para alcan\u00e7ar isso, temos orgulho de ter nossa pr\u00f3pria plataforma educacional, \u201cAcademia Am\u00e9rian\u201d, onde est\u00e3o dispon\u00edveis capacita\u00e7\u00f5es e cursos de especializa\u00e7\u00e3o para todas as \u00e1reas da hotelaria, oferecendo as ferramentas necess\u00e1rias para fomentar a profissionaliza\u00e7\u00e3o de nossa equipe.<\/span><\/p><p><span style=\"font-weight: 400;\">Al\u00e9m disso, oferecemos acesso \u00e0 plataforma educacional da Associa\u00e7\u00e3o de Hot\u00e9is de Turismo da Rep\u00fablica Argentina, \u201cCapacita AHT\u201d, onde voc\u00ea poder\u00e1 aprender sobre temas essenciais, como a inclus\u00e3o laboral de pessoas com defici\u00eancia, gest\u00e3o adequada das emo\u00e7\u00f5es, t\u00e9cnicas b\u00e1sicas para se comunicar por meio da linguagem de sinais e muito mais.<\/span><\/p><p><span style=\"font-weight: 400;\">Ao fazer parte da Am\u00e9rian Hot\u00e9is, voc\u00ea tamb\u00e9m ser\u00e1 parte de um programa de benef\u00edcios exclusivos com descontos e promo\u00e7\u00f5es para adquirir produtos e servi\u00e7os de marcas renomadas. E o mais importante, a possibilidade de construir uma carreira profissional em uma empresa hoteleira pioneira e reconhecida em toda a regi\u00e3o.<\/span><\/p>\t\t\t\t\t\t\t\t<\/div>\n\t\t\t\t<\/div>\n\t\t\t\t<div class=\"elementor-element elementor-element-46d8db6 elementor-pagination-position-outside elementor-widget elementor-widget-image-carousel\" data-id=\"46d8db6\" data-element_type=\"widget\" data-settings=\"{&quot;navigation&quot;:&quot;dots&quot;,&quot;autoplay&quot;:&quot;yes&quot;,&quot;pause_on_hover&quot;:&quot;yes&quot;,&quot;pause_on_interaction&quot;:&quot;yes&quot;,&quot;autoplay_speed&quot;:5000,&quot;infinite&quot;:&quot;yes&quot;,&quot;speed&quot;:500}\" data-widget_type=\"image-carousel.default\">\n\t\t\t\t<div class=\"elementor-widget-container\">\n\t\t\t\t\t\t\t<div class=\"elementor-image-carousel-wrapper swiper\" role=\"region\" aria-roledescription=\"carousel\" aria-label=\"Carrossel de imagens\" dir=\"ltr\">\n\t\t\t<div class=\"elementor-image-carousel swiper-wrapper\" aria-live=\"off\">\n\t\t\t\t\t\t\t\t<div class=\"swiper-slide\" role=\"group\" aria-roledescription=\"slide\" aria-label=\"1 de 3\"><figure class=\"swiper-slide-inner\"><img decoding=\"async\" class=\"swiper-slide-image\" src=\"https:\/\/www.amerian.com\/wp-content\/uploads\/2023\/12\/Rectangle-58.jpg\" alt=\"Rectangle 58\" \/><\/figure><\/div><div class=\"swiper-slide\" role=\"group\" aria-roledescription=\"slide\" aria-label=\"2 de 3\"><figure class=\"swiper-slide-inner\"><img decoding=\"async\" class=\"swiper-slide-image\" src=\"https:\/\/www.amerian.com\/wp-content\/uploads\/2023\/12\/Rectangle-57.jpg\" alt=\"Rectangle 57\" \/><\/figure><\/div><div class=\"swiper-slide\" role=\"group\" aria-roledescription=\"slide\" aria-label=\"3 de 3\"><figure class=\"swiper-slide-inner\"><img decoding=\"async\" class=\"swiper-slide-image\" src=\"https:\/\/www.amerian.com\/wp-content\/uploads\/2023\/12\/Rectangle-56-1.jpg\" alt=\"Rectangle 56 (1)\" \/><\/figure><\/div>\t\t\t<\/div>\n\t\t\t\t\t\t\t\n\t\t\t\t\t\t\t\t\t<div class=\"swiper-pagination\"><\/div>\n\t\t\t\t\t\t\t\t\t<\/div>\n\t\t\t\t\t\t<\/div>\n\t\t\t\t<\/div>\n\t\t\t\t\t<\/div>\n\t\t\t\t<\/div>\n\t\t<div class=\"elementor-element elementor-element-284333a e-flex e-con-boxed wpr-particle-no wpr-jarallax-no wpr-parallax-no wpr-sticky-section-no e-con e-parent\" data-id=\"284333a\" data-element_type=\"container\" data-settings=\"{&quot;background_background&quot;:&quot;classic&quot;}\">\n\t\t\t\t\t<div class=\"e-con-inner\">\n\t\t<div class=\"elementor-element elementor-element-8efafbf e-con-full e-flex wpr-particle-no wpr-jarallax-no wpr-parallax-no wpr-sticky-section-no e-con e-child\" data-id=\"8efafbf\" data-element_type=\"container\">\n\t\t\t\t<div class=\"elementor-element elementor-element-a1ea480 elementor-widget elementor-widget-heading\" data-id=\"a1ea480\" data-element_type=\"widget\" data-widget_type=\"heading.default\">\n\t\t\t\t<div class=\"elementor-widget-container\">\n\t\t\t\t\t<h2 class=\"elementor-heading-title elementor-size-default\">Quer fazer parte do #EquipeAm\u00e9rian?\n<\/h2>\t\t\t\t<\/div>\n\t\t\t\t<\/div>\n\t\t\t\t<\/div>\n\t\t<div class=\"elementor-element elementor-element-4d8dacc e-con-full e-flex wpr-particle-no wpr-jarallax-no wpr-parallax-no wpr-sticky-section-no e-con e-child\" data-id=\"4d8dacc\" data-element_type=\"container\">\n\t\t\t\t<div class=\"elementor-element elementor-element-efb4060 elementor-widget elementor-widget-heading\" data-id=\"efb4060\" data-element_type=\"widget\" data-widget_type=\"heading.default\">\n\t\t\t\t<div class=\"elementor-widget-container\">\n\t\t\t\t\t<h5 class=\"elementor-heading-title elementor-size-default\">Para participar de futuras sele\u00e7\u00f5es e processos de recrutamento, voc\u00ea pode filtrar por \u00e1rea e preencher o formul\u00e1rio a seguir com sua informa\u00e7\u00e3o pessoal, que ser\u00e1 recebida por nosso escrit\u00f3rio de Recursos Humanos. Essa informa\u00e7\u00e3o ser\u00e1 gerenciada e administrada de forma confidencial.<\/h5>\t\t\t\t<\/div>\n\t\t\t\t<\/div>\n\t\t\t\t<\/div>\n\t\t\t\t\t<\/div>\n\t\t\t\t<\/div>\n\t\t<div class=\"elementor-element elementor-element-93b26ba e-flex e-con-boxed wpr-particle-no wpr-jarallax-no wpr-parallax-no wpr-sticky-section-no e-con e-parent\" data-id=\"93b26ba\" data-element_type=\"container\" data-settings=\"{&quot;background_background&quot;:&quot;classic&quot;}\">\n\t\t\t\t\t<div class=\"e-con-inner\">\n\t\t<div class=\"elementor-element elementor-element-acae648 e-con-full e-flex wpr-particle-no wpr-jarallax-no wpr-parallax-no wpr-sticky-section-no e-con e-child\" data-id=\"acae648\" data-element_type=\"container\">\n\t\t\t\t<\/div>\n\t\t\t\t\t<\/div>\n\t\t\t\t<\/div>\n\t\t<div class=\"elementor-element elementor-element-e2da4bd e-flex e-con-boxed wpr-particle-no wpr-jarallax-no wpr-parallax-no wpr-sticky-section-no e-con e-parent\" data-id=\"e2da4bd\" data-element_type=\"container\">\n\t\t\t\t\t<div class=\"e-con-inner\">\n\t\t<div class=\"elementor-element elementor-element-be7202f e-con-full e-flex wpr-particle-no wpr-jarallax-no wpr-parallax-no wpr-sticky-section-no e-con e-child\" data-id=\"be7202f\" data-element_type=\"container\">\n\t\t\t\t<div class=\"elementor-element elementor-element-2d3cd98 elementor-widget elementor-widget-image\" data-id=\"2d3cd98\" data-element_type=\"widget\" data-widget_type=\"image.default\">\n\t\t\t\t<div class=\"elementor-widget-container\">\n\t\t\t\t\t\t\t\t\t\t\t\t\t\t\t<img fetchpriority=\"high\" decoding=\"async\" width=\"424\" height=\"447\" src=\"https:\/\/www.amerian.com\/wp-content\/uploads\/2023\/12\/Rectangle-103-1.jpg\" class=\"attachment-large size-large wp-image-140\" alt=\"\" srcset=\"https:\/\/www.amerian.com\/wp-content\/uploads\/2023\/12\/Rectangle-103-1.jpg 424w, https:\/\/www.amerian.com\/wp-content\/uploads\/2023\/12\/Rectangle-103-1-285x300.jpg 285w\" sizes=\"(max-width: 424px) 100vw, 424px\" \/>\t\t\t\t\t\t\t\t\t\t\t\t\t\t\t<\/div>\n\t\t\t\t<\/div>\n\t\t\t\t<\/div>\n\t\t<div class=\"elementor-element elementor-element-832ac3b e-con-full e-flex wpr-particle-no wpr-jarallax-no wpr-parallax-no wpr-sticky-section-no e-con e-child\" data-id=\"832ac3b\" data-element_type=\"container\">\n\t\t\t\t<div class=\"elementor-element elementor-element-f06862f elementor-widget elementor-widget-text-editor\" data-id=\"f06862f\" data-element_type=\"widget\" data-widget_type=\"text-editor.default\">\n\t\t\t\t<div class=\"elementor-widget-container\">\n\t\t\t\t\t\t\t\t\t<p><span style=\"font-weight: 400;\">Junte-se \u00e0 experi\u00eancia da Am\u00e9rian Hot\u00e9is!<\/span><\/p>\t\t\t\t\t\t\t\t<\/div>\n\t\t\t\t<\/div>\n\t\t\t\t<div class=\"elementor-element elementor-element-2e0edd6 elementor-widget elementor-widget-heading\" data-id=\"2e0edd6\" data-element_type=\"widget\" data-widget_type=\"heading.default\">\n\t\t\t\t<div class=\"elementor-widget-container\">\n\t\t\t\t\t<h2 class=\"elementor-heading-title elementor-size-default\">Estamos procurando por voc\u00ea!\n<\/h2>\t\t\t\t<\/div>\n\t\t\t\t<\/div>\n\t\t\t\t<div class=\"elementor-element elementor-element-0aa1894 elementor-widget elementor-widget-text-editor\" data-id=\"0aa1894\" data-element_type=\"widget\" data-widget_type=\"text-editor.default\">\n\t\t\t\t<div class=\"elementor-widget-container\">\n\t\t\t\t\t\t\t\t\t<p><span style=\"font-weight: 400;\">Se voc\u00ea est\u00e1 animado para formar parte da nossa equipe e contribuir a excel\u00eancia na ind\u00fastria hoteleira, convidamos voc\u00ea a preencher nosso formul\u00e1rio com sua informa\u00e7\u00e3o pessoal. Voc\u00ea pode filtrar por \u00e1rea para encontrar a melhor correspond\u00eancia com suas habilidades e aspira\u00e7\u00f5es.<\/span><\/p><p><span style=\"font-weight: 400;\">Fazer parte da Am\u00e9rian Hot\u00e9is significa se juntar a uma comunidade comprometida com a excel\u00eancia e hospitalidade excepcional. N\u00f3s oferecemos a voc\u00ea a oportunidade de fazer a diferen\u00e7a na ind\u00fastria hoteleira e construir uma carreira de sucesso em um ambiente que valoriza o crescimento pessoal e profissional.<\/span><\/p><p><span style=\"font-weight: 400;\">N\u00e3o perca a oportunidade de fazer parte da #EquipeAm\u00e9rian e descobrir uma trajet\u00f3ria emocionante na maior rede hoteleira da Argentina. Esperamos dar-lhe pronto as boas-vindas \u00e0 nossa fam\u00edlia!<\/span><\/p>\t\t\t\t\t\t\t\t<\/div>\n\t\t\t\t<\/div>\n\t\t\t\t<div class=\"elementor-element elementor-element-ecf7a83 elementor-widget elementor-widget-button\" data-id=\"ecf7a83\" data-element_type=\"widget\" data-widget_type=\"button.default\">\n\t\t\t\t<div class=\"elementor-widget-container\">\n\t\t\t\t\t\t\t\t\t<div class=\"elementor-button-wrapper\">\n\t\t\t\t\t<a class=\"elementor-button elementor-button-link elementor-size-sm\" href=\"#\">\n\t\t\t\t\t\t<span class=\"elementor-button-content-wrapper\">\n\t\t\t\t\t\t\t\t\t<span class=\"elementor-button-text\">Anexar CV<\/span>\n\t\t\t\t\t<\/span>\n\t\t\t\t\t<\/a>\n\t\t\t\t<\/div>\n\t\t\t\t\t\t\t\t<\/div>\n\t\t\t\t<\/div>\n\t\t\t\t<\/div>\n\t\t\t\t\t<\/div>\n\t\t\t\t<\/div>\n\t\t\t\t<\/div>\n\t\t","protected":false},"excerpt":{"rendered":"<p>Recursos Humanos Na Am\u00e9rian Hot\u00e9is, sabemos que nosso sucesso e crescimento s\u00e3o apoiados pelo profissionalismo e pela cordialidade de nossa equipe. Nossos times s\u00e3o compostos por pessoas com uma clara orienta\u00e7\u00e3o para o servi\u00e7o e hospitalidade. Buscamos pessoas com esp\u00edrito empreendedor, entusiasmo e predisposi\u00e7\u00e3o para o trabalho em equipe, voca\u00e7\u00e3o para o servi\u00e7o, iniciativa, criatividade, responsabilidade e compromisso. Nos formamos para ser inclusivos, respeitosos com o meio ambiente e igualit\u00e1rios. Para alcan\u00e7ar isso, temos orgulho de ter nossa pr\u00f3pria plataforma educacional, \u201cAcademia Am\u00e9rian\u201d, onde est\u00e3o dispon\u00edveis capacita\u00e7\u00f5es e cursos de especializa\u00e7\u00e3o para todas as \u00e1reas da hotelaria, oferecendo as ferramentas necess\u00e1rias para fomentar a profissionaliza\u00e7\u00e3o de nossa equipe. Al\u00e9m disso, oferecemos acesso \u00e0 plataforma educacional da Associa\u00e7\u00e3o de Hot\u00e9is de Turismo da Rep\u00fablica Argentina, \u201cCapacita AHT\u201d, onde voc\u00ea poder\u00e1 aprender sobre temas essenciais, como a inclus\u00e3o laboral de pessoas com defici\u00eancia, gest\u00e3o adequada das emo\u00e7\u00f5es, t\u00e9cnicas b\u00e1sicas para se comunicar por meio da linguagem de sinais e muito mais. Ao fazer parte da Am\u00e9rian Hot\u00e9is, voc\u00ea tamb\u00e9m ser\u00e1 parte de um programa de benef\u00edcios exclusivos com descontos e promo\u00e7\u00f5es para adquirir produtos e servi\u00e7os de marcas renomadas. E o mais importante, a possibilidade de construir uma carreira profissional em uma empresa hoteleira pioneira e reconhecida em toda a regi\u00e3o. Quer fazer parte do #EquipeAm\u00e9rian? Para participar de futuras sele\u00e7\u00f5es e processos de recrutamento, voc\u00ea pode filtrar por \u00e1rea e preencher o formul\u00e1rio a seguir com sua informa\u00e7\u00e3o pessoal, que ser\u00e1 recebida por nosso escrit\u00f3rio de Recursos Humanos. Essa informa\u00e7\u00e3o ser\u00e1 gerenciada e administrada de forma confidencial. Junte-se \u00e0 experi\u00eancia da Am\u00e9rian Hot\u00e9is! Estamos procurando por voc\u00ea! Se voc\u00ea est\u00e1 animado para formar parte da nossa equipe e contribuir a excel\u00eancia na ind\u00fastria hoteleira, convidamos voc\u00ea a preencher nosso formul\u00e1rio com sua informa\u00e7\u00e3o pessoal. Voc\u00ea pode filtrar por \u00e1rea para encontrar a melhor correspond\u00eancia com suas habilidades e aspira\u00e7\u00f5es. Fazer parte da Am\u00e9rian Hot\u00e9is significa se juntar a uma comunidade comprometida com a excel\u00eancia e hospitalidade excepcional. N\u00f3s oferecemos a voc\u00ea a oportunidade de fazer a diferen\u00e7a na ind\u00fastria hoteleira e construir uma carreira de sucesso em um ambiente que valoriza o crescimento pessoal e profissional. N\u00e3o perca a oportunidade de fazer parte da #EquipeAm\u00e9rian e descobrir uma trajet\u00f3ria emocionante na maior rede hoteleira da Argentina. Esperamos dar-lhe pronto as boas-vindas \u00e0 nossa fam\u00edlia! Anexar CV<\/p>\n","protected":false},"author":1,"featured_media":0,"parent":0,"menu_order":0,"comment_status":"closed","ping_status":"closed","template":"template-elementor.php","meta":{"footnotes":""},"class_list":["post-13927","page","type-page","status-publish","hentry"],"acf":[],"_links":{"self":[{"href":"https:\/\/www.amerian.com\/pt-br\/wp-json\/wp\/v2\/pages\/13927","targetHints":{"allow":["GET"]}}],"collection":[{"href":"https:\/\/www.amerian.com\/pt-br\/wp-json\/wp\/v2\/pages"}],"about":[{"href":"https:\/\/www.amerian.com\/pt-br\/wp-json\/wp\/v2\/types\/page"}],"author":[{"embeddable":true,"href":"https:\/\/www.amerian.com\/pt-br\/wp-json\/wp\/v2\/users\/1"}],"replies":[{"embeddable":true,"href":"https:\/\/www.amerian.com\/pt-br\/wp-json\/wp\/v2\/comments?post=13927"}],"version-history":[{"count":7,"href":"https:\/\/www.amerian.com\/pt-br\/wp-json\/wp\/v2\/pages\/13927\/revisions"}],"predecessor-version":[{"id":15135,"href":"https:\/\/www.amerian.com\/pt-br\/wp-json\/wp\/v2\/pages\/13927\/revisions\/15135"}],"wp:attachment":[{"href":"https:\/\/www.amerian.com\/pt-br\/wp-json\/wp\/v2\/media?parent=13927"}],"curies":[{"name":"wp","href":"https:\/\/api.w.org\/{rel}","templated":true}]}}